{"id":750,"date":"2020-07-06T12:10:44","date_gmt":"2020-07-06T12:10:44","guid":{"rendered":"http:\/\/wp.efforttech.net\/newwp\/manzil\/?page_id=24"},"modified":"2023-04-15T14:58:45","modified_gmt":"2023-04-15T14:58:45","slug":"la-qualite","status":"publish","type":"page","link":"https:\/\/trefal.dz\/ar\/la-qualite\/","title":{"rendered":"La Qualit\u00e9"},"content":{"rendered":"","protected":false},"excerpt":{"rendered":"","protected":false},"author":3,"featured_media":0,"parent":0,"menu_order":0,"comment_status":"closed","ping_status":"closed","template":"tpl-default-elementor.php","meta":{"footnotes":""},"class_list":["post-750","page","type-page","status-publish","hentry"],"yoast_head":"<!-- This site is optimized with the Yoast SEO plugin v27.1.1 - https:\/\/yoast.com\/product\/yoast-seo-wordpress\/ -->\n<title>La Qualit\u00e9 - TREFAL<\/title>\n<meta name=\"robots\" content=\"index, follow, max-snippet:-1, max-image-preview:large, max-video-preview:-1\" \/>\n<link rel=\"canonical\" href=\"https:\/\/trefal.dz\/ar\/la-qualite\/\" \/>\n<meta property=\"og:locale\" content=\"ar_AR\" \/>\n<meta property=\"og:type\" content=\"article\" \/>\n<meta property=\"og:title\" content=\"La Qualit\u00e9 - TREFAL\" \/>\n<meta property=\"og:url\" content=\"https:\/\/trefal.dz\/ar\/la-qualite\/\" \/>\n<meta property=\"og:site_name\" content=\"TREFAL\" \/>\n<meta property=\"article:modified_time\" content=\"2023-04-15T14:58:45+00:00\" \/>\n<meta name=\"twitter:card\" content=\"summary_large_image\" \/>\n<script type=\"application\/ld+json\" class=\"yoast-schema-graph\">{\"@context\":\"https:\/\/schema.org\",\"@graph\":[{\"@type\":\"WebPage\",\"@id\":\"https:\/\/trefal.dz\/la-qualite\/\",\"url\":\"https:\/\/trefal.dz\/la-qualite\/\",\"name\":\"La Qualit\u00e9 - TREFAL\",\"isPartOf\":{\"@id\":\"https:\/\/trefal.dz\/#website\"},\"datePublished\":\"2020-07-06T12:10:44+00:00\",\"dateModified\":\"2023-04-15T14:58:45+00:00\",\"breadcrumb\":{\"@id\":\"https:\/\/trefal.dz\/la-qualite\/#breadcrumb\"},\"inLanguage\":\"ar\",\"potentialAction\":[{\"@type\":\"ReadAction\",\"target\":[\"https:\/\/trefal.dz\/la-qualite\/\"]}]},{\"@type\":\"BreadcrumbList\",\"@id\":\"https:\/\/trefal.dz\/la-qualite\/#breadcrumb\",\"itemListElement\":[{\"@type\":\"ListItem\",\"position\":1,\"name\":\"Accueil\",\"item\":\"https:\/\/trefal.dz\/\"},{\"@type\":\"ListItem\",\"position\":2,\"name\":\"La Qualit\u00e9\"}]},{\"@type\":\"WebSite\",\"@id\":\"https:\/\/trefal.dz\/#website\",\"url\":\"https:\/\/trefal.dz\/\",\"name\":\"TREFAL\",\"description\":\"Entreprise publique \u00e0 caract\u00e8re \u00e9conomique\",\"publisher\":{\"@id\":\"https:\/\/trefal.dz\/#organization\"},\"potentialAction\":[{\"@type\":\"SearchAction\",\"target\":{\"@type\":\"EntryPoint\",\"urlTemplate\":\"https:\/\/trefal.dz\/?s={search_term_string}\"},\"query-input\":{\"@type\":\"PropertyValueSpecification\",\"valueRequired\":true,\"valueName\":\"search_term_string\"}}],\"inLanguage\":\"ar\"},{\"@type\":\"Organization\",\"@id\":\"https:\/\/trefal.dz\/#organization\",\"name\":\"TREFAL\",\"url\":\"https:\/\/trefal.dz\/\",\"logo\":{\"@type\":\"ImageObject\",\"inLanguage\":\"ar\",\"@id\":\"https:\/\/trefal.dz\/#\/schema\/logo\/image\/\",\"url\":\"https:\/\/trefal.dz\/wp-content\/uploads\/2023\/03\/cropped-Logo-TREFAL-2022.png\",\"contentUrl\":\"https:\/\/trefal.dz\/wp-content\/uploads\/2023\/03\/cropped-Logo-TREFAL-2022.png\",\"width\":228,\"height\":250,\"caption\":\"TREFAL\"},\"image\":{\"@id\":\"https:\/\/trefal.dz\/#\/schema\/logo\/image\/\"}}]}<\/script>\n<!-- \/ Yoast SEO plugin. -->","yoast_head_json":{"title":"La Qualit\u00e9 - TREFAL","robots":{"index":"index","follow":"follow","max-snippet":"max-snippet:-1","max-image-preview":"max-image-preview:large","max-video-preview":"max-video-preview:-1"},"canonical":"https:\/\/trefal.dz\/ar\/la-qualite\/","og_locale":"ar_AR","og_type":"article","og_title":"La Qualit\u00e9 - TREFAL","og_url":"https:\/\/trefal.dz\/ar\/la-qualite\/","og_site_name":"TREFAL","article_modified_time":"2023-04-15T14:58:45+00:00","twitter_card":"summary_large_image","schema":{"@context":"https:\/\/schema.org","@graph":[{"@type":"WebPage","@id":"https:\/\/trefal.dz\/la-qualite\/","url":"https:\/\/trefal.dz\/la-qualite\/","name":"La Qualit\u00e9 - TREFAL","isPartOf":{"@id":"https:\/\/trefal.dz\/#website"},"datePublished":"2020-07-06T12:10:44+00:00","dateModified":"2023-04-15T14:58:45+00:00","breadcrumb":{"@id":"https:\/\/trefal.dz\/la-qualite\/#breadcrumb"},"inLanguage":"ar","potentialAction":[{"@type":"ReadAction","target":["https:\/\/trefal.dz\/la-qualite\/"]}]},{"@type":"BreadcrumbList","@id":"https:\/\/trefal.dz\/la-qualite\/#breadcrumb","itemListElement":[{"@type":"ListItem","position":1,"name":"Accueil","item":"https:\/\/trefal.dz\/"},{"@type":"ListItem","position":2,"name":"La Qualit\u00e9"}]},{"@type":"WebSite","@id":"https:\/\/trefal.dz\/#website","url":"https:\/\/trefal.dz\/","name":"\u062a\u0631\u064a\u0641\u0627\u0644","description":"Entreprise publique \u00e0 caract\u00e8re \u00e9conomique","publisher":{"@id":"https:\/\/trefal.dz\/#organization"},"potentialAction":[{"@type":"SearchAction","target":{"@type":"EntryPoint","urlTemplate":"https:\/\/trefal.dz\/?s={search_term_string}"},"query-input":{"@type":"PropertyValueSpecification","valueRequired":true,"valueName":"search_term_string"}}],"inLanguage":"ar"},{"@type":"Organization","@id":"https:\/\/trefal.dz\/#organization","name":"\u062a\u0631\u064a\u0641\u0627\u0644","url":"https:\/\/trefal.dz\/","logo":{"@type":"ImageObject","inLanguage":"ar","@id":"https:\/\/trefal.dz\/#\/schema\/logo\/image\/","url":"https:\/\/trefal.dz\/wp-content\/uploads\/2023\/03\/cropped-Logo-TREFAL-2022.png","contentUrl":"https:\/\/trefal.dz\/wp-content\/uploads\/2023\/03\/cropped-Logo-TREFAL-2022.png","width":228,"height":250,"caption":"TREFAL"},"image":{"@id":"https:\/\/trefal.dz\/#\/schema\/logo\/image\/"}}]}},"_links":{"self":[{"href":"https:\/\/trefal.dz\/ar\/wp-json\/wp\/v2\/pages\/750","targetHints":{"allow":["GET"]}}],"collection":[{"href":"https:\/\/trefal.dz\/ar\/wp-json\/wp\/v2\/pages"}],"about":[{"href":"https:\/\/trefal.dz\/ar\/wp-json\/wp\/v2\/types\/page"}],"author":[{"embeddable":true,"href":"https:\/\/trefal.dz\/ar\/wp-json\/wp\/v2\/users\/3"}],"replies":[{"embeddable":true,"href":"https:\/\/trefal.dz\/ar\/wp-json\/wp\/v2\/comments?post=750"}],"version-history":[{"count":4,"href":"https:\/\/trefal.dz\/ar\/wp-json\/wp\/v2\/pages\/750\/revisions"}],"predecessor-version":[{"id":2075,"href":"https:\/\/trefal.dz\/ar\/wp-json\/wp\/v2\/pages\/750\/revisions\/2075"}],"wp:attachment":[{"href":"https:\/\/trefal.dz\/ar\/wp-json\/wp\/v2\/media?parent=750"}],"curies":[{"name":"wp","href":"https:\/\/api.w.org\/{rel}","templated":true}]}}