{"id":332,"date":"2020-07-09T18:55:32","date_gmt":"2020-07-09T18:55:32","guid":{"rendered":"http:\/\/wp.efforttech.net\/newwp\/manzil\/?page_id=332"},"modified":"2025-09-16T08:31:15","modified_gmt":"2025-09-16T08:31:15","slug":"nos-produits","status":"publish","type":"page","link":"https:\/\/trefal.dz\/en\/nos-produits\/","title":{"rendered":"Our Products"},"content":{"rendered":"<div data-elementor-type=\"wp-page\" data-elementor-id=\"332\" class=\"elementor elementor-332\" data-elementor-post-type=\"page\">\n\t\t\t\t\t\t<section class=\"elementor-section elementor-top-section elementor-element elementor-element-8aa90b9 elementor-section-full_width elementor-section-stretched elementor-section-height-default elementor-section-height-default\" data-id=\"8aa90b9\" data-element_type=\"section\" data-e-type=\"section\" data-settings=\"{&quot;stretch_section&quot;:&quot;section-stretched&quot;}\">\n\t\t\t\t\t\t<div class=\"elementor-container elementor-column-gap-default\">\n\t\t\t\t\t<div class=\"elementor-column elementor-col-100 elementor-top-column elementor-element elementor-element-8df4efd\" data-id=\"8df4efd\" data-element_type=\"column\" data-e-type=\"column\">\n\t\t\t<div class=\"elementor-widget-wrap elementor-element-populated\">\n\t\t\t\t\t\t<div class=\"elementor-element elementor-element-3248346 elementor-widget elementor-widget-manzil_about_us_v2\" data-id=\"3248346\" data-element_type=\"widget\" data-e-type=\"widget\" data-widget_type=\"manzil_about_us_v2.default\">\n\t\t\t\t<div class=\"elementor-widget-container\">\n\t\t\t\t\t        \n        <!-- About Section Two -->\n        <section class=\"about-section-two\">\n            <div class=\"pattern-layer\" style=\"background-image:url(http:\/\/wp.efforttech.net\/newwp\/manzil\/wp-content\/uploads\/2020\/07\/pattern-2-1.png)\"><\/div>\n            <div class=\"image-layer\" style=\"background-image:url(https:\/\/trefal.dz\/wp-content\/uploads\/2023\/04\/321491954_1564495303989279_2882099763997516268_nq.png)\"><\/div>\n            <div class=\"auto-container\">\n                <!-- Sec Title -->\n                <div class=\"sec-title centered\">\n                    <div class=\"title\">\n                        <!-- Title Effect -->\n                        <div class=\"title-effect\">\n                            <div class=\"bar bar-top\"><\/div>\n                            <div class=\"bar bar-right\"><\/div>\n                            <div class=\"bar bar-bottom\"><\/div>\n                            <div class=\"bar bar-left\"><\/div>\n                        <\/div>\n                        Our products                    <\/div>\n                    <h2>TREFAL PRODUCT RANGE<\/h2>\n                <\/div>\n                \n                <div class=\"row clearfix\">\n                    \n                    <!-- Content Column -->\n                    <div class=\"content-column col-lg-4 col-md-12 col-sm-12\">\n                        <div class=\"inner-column wow fadeInLeft\" data-wow-delay=\"0ms\" data-wow-duration=\"1500ms\">\n                            <h3><a href=\"\">Quality, Compliance, Reliability, and Support<\/a><\/h3>\n                            <div class=\"text\">Thanks to the performance of its production facilities, its flexibility, and its state-of-the-art equipment sourced from the world's leading manufacturers, TREFAL offers its customers product availability and very short delivery times compared to its competitors.<\/div>\n                            <a href=\"\" class=\"read-more theme-btn\">Read More<\/a>\n                        <\/div>\n                    <\/div>\n                    \n                    <!-- Image Column -->\n                    <div class=\"image-column col-lg-8 col-md-12 col-sm-12\">\n                        <div class=\"inner-column wow fadeInRight\" data-wow-delay=\"0ms\" data-wow-duration=\"1500ms\">\n                            <div class=\"image\">\n                                <img decoding=\"async\" src=\"https:\/\/trefal.dz\/wp-content\/uploads\/2023\/04\/IMG_1728.jpg\" alt=\"Awesome Image\" \/>\n                            <\/div>\n                        <\/div>\n                    <\/div>\n                    \n                <\/div>\n                \n            <\/div>\n        <\/section>\n        <!-- End About Section Two -->\n         \n\t\t\t\t\t\t<\/div>\n\t\t\t\t<\/div>\n\t\t\t\t\t<\/div>\n\t\t<\/div>\n\t\t\t\t\t<\/div>\n\t\t<\/section>\n\t\t\t\t<section class=\"elementor-section elementor-top-section elementor-element elementor-element-e1fe6e1 elementor-section-full_width elementor-section-stretched elementor-section-height-default elementor-section-height-default\" data-id=\"e1fe6e1\" data-element_type=\"section\" data-e-type=\"section\" data-settings=\"{&quot;background_background&quot;:&quot;classic&quot;,&quot;stretch_section&quot;:&quot;section-stretched&quot;}\">\n\t\t\t\t\t\t\t<div class=\"elementor-background-overlay\"><\/div>\n\t\t\t\t\t\t\t<div class=\"elementor-container elementor-column-gap-default\">\n\t\t\t\t\t<div class=\"elementor-column elementor-col-33 elementor-top-column elementor-element elementor-element-f0c0fdc\" data-id=\"f0c0fdc\" data-element_type=\"column\" data-e-type=\"column\">\n\t\t\t<div class=\"elementor-widget-wrap elementor-element-populated\">\n\t\t\t\t\t\t<div class=\"elementor-element elementor-element-9055bdd elementor-flip-box--direction-right elementor-flip-box--3d elementor-flip-box--effect-flip elementor-widget elementor-widget-flip-box\" data-id=\"9055bdd\" data-element_type=\"widget\" data-e-type=\"widget\" data-widget_type=\"flip-box.default\">\n\t\t\t\t<div class=\"elementor-widget-container\">\n\t\t\t\t\t\t\t<div class=\"elementor-flip-box\" tabindex=\"0\">\n\t\t\t<div class=\"elementor-flip-box__layer elementor-flip-box__front\">\n\t\t\t\t<div class=\"elementor-flip-box__layer__overlay\">\n\t\t\t\t\t<div class=\"elementor-flip-box__layer__inner\">\n\t\t\t\t\t\t\n\t\t\t\t\t\t\n\t\t\t\t\t\t\t\t\t\t\t<\/div>\n\t\t\t\t<\/div>\n\t\t\t<\/div>\n\t\t\t<div class=\"elementor-flip-box__layer elementor-flip-box__back\">\n\t\t\t<div class=\"elementor-flip-box__layer__overlay\">\n\t\t\t\t<div class=\"elementor-flip-box__layer__inner\">\n\t\t\t\t\t\n\t\t\t\t\t\n\t\t\t\t\t\t\t\t\t\t\t<a class=\"elementor-flip-box__button elementor-button elementor-size-lg\" href=\"https:\/\/trefal.dz\/treillis-soude\/\">\n\t\t\t\t\t\t\tLearn More\t\t\t\t\t\t<\/a>\n\t\t\t\t\t\t\t\t<\/div>\n\t\t<\/div>\n\t\t<\/div>\n\t\t<\/div>\n\t\t\t\t\t\t<\/div>\n\t\t\t\t<\/div>\n\t\t\t\t<section class=\"elementor-section elementor-inner-section elementor-element elementor-element-2b92289 elementor-section-boxed elementor-section-height-default elementor-section-height-default\" data-id=\"2b92289\" data-element_type=\"section\" data-e-type=\"section\">\n\t\t\t\t\t\t<div class=\"elementor-container elementor-column-gap-default\">\n\t\t\t\t\t<div class=\"elementor-column elementor-col-100 elementor-inner-column elementor-element elementor-element-be63920\" data-id=\"be63920\" data-element_type=\"column\" data-e-type=\"column\" data-settings=\"{&quot;background_background&quot;:&quot;classic&quot;}\">\n\t\t\t<div class=\"elementor-widget-wrap elementor-element-populated\">\n\t\t\t\t\t\t<div class=\"elementor-element elementor-element-f44e92c elementor-widget elementor-widget-heading\" data-id=\"f44e92c\" data-element_type=\"widget\" data-e-type=\"widget\" data-widget_type=\"heading.default\">\n\t\t\t\t<div class=\"elementor-widget-container\">\n\t\t\t\t\t<h2 class=\"elementor-heading-title elementor-size-default\">Welded mesh<\/h2>\t\t\t\t<\/div>\n\t\t\t\t<\/div>\n\t\t\t\t\t<\/div>\n\t\t<\/div>\n\t\t\t\t\t<\/div>\n\t\t<\/section>\n\t\t\t\t\t<\/div>\n\t\t<\/div>\n\t\t\t\t<div class=\"elementor-column elementor-col-33 elementor-top-column elementor-element elementor-element-f609b77\" data-id=\"f609b77\" data-element_type=\"column\" data-e-type=\"column\">\n\t\t\t<div class=\"elementor-widget-wrap elementor-element-populated\">\n\t\t\t\t\t\t<div class=\"elementor-element elementor-element-8af88b1 elementor-flip-box--direction-right elementor-flip-box--3d elementor-flip-box--effect-flip elementor-widget elementor-widget-flip-box\" data-id=\"8af88b1\" data-element_type=\"widget\" data-e-type=\"widget\" data-widget_type=\"flip-box.default\">\n\t\t\t\t<div class=\"elementor-widget-container\">\n\t\t\t\t\t\t\t<div class=\"elementor-flip-box\" tabindex=\"0\">\n\t\t\t<div class=\"elementor-flip-box__layer elementor-flip-box__front\">\n\t\t\t\t<div class=\"elementor-flip-box__layer__overlay\">\n\t\t\t\t\t<div class=\"elementor-flip-box__layer__inner\">\n\t\t\t\t\t\t\n\t\t\t\t\t\t\n\t\t\t\t\t\t\t\t\t\t\t<\/div>\n\t\t\t\t<\/div>\n\t\t\t<\/div>\n\t\t\t<div class=\"elementor-flip-box__layer elementor-flip-box__back\">\n\t\t\t<div class=\"elementor-flip-box__layer__overlay\">\n\t\t\t\t<div class=\"elementor-flip-box__layer__inner\">\n\t\t\t\t\t\n\t\t\t\t\t\n\t\t\t\t\t\t\t\t\t\t\t<a class=\"elementor-flip-box__button elementor-button elementor-size-lg\" href=\"https:\/\/trefal.dz\/poutrelle-metallique-legere\/\">\n\t\t\t\t\t\t\tLearn More\t\t\t\t\t\t<\/a>\n\t\t\t\t\t\t\t\t<\/div>\n\t\t<\/div>\n\t\t<\/div>\n\t\t<\/div>\n\t\t\t\t\t\t<\/div>\n\t\t\t\t<\/div>\n\t\t\t\t<section class=\"elementor-section elementor-inner-section elementor-element elementor-element-229922b elementor-section-boxed elementor-section-height-default elementor-section-height-default\" data-id=\"229922b\" data-element_type=\"section\" data-e-type=\"section\">\n\t\t\t\t\t\t<div class=\"elementor-container elementor-column-gap-default\">\n\t\t\t\t\t<div class=\"elementor-column elementor-col-100 elementor-inner-column elementor-element elementor-element-6a64738\" data-id=\"6a64738\" data-element_type=\"column\" data-e-type=\"column\" data-settings=\"{&quot;background_background&quot;:&quot;classic&quot;}\">\n\t\t\t<div class=\"elementor-widget-wrap elementor-element-populated\">\n\t\t\t\t\t\t<div class=\"elementor-element elementor-element-0ece828 elementor-widget elementor-widget-heading\" data-id=\"0ece828\" data-element_type=\"widget\" data-e-type=\"widget\" data-widget_type=\"heading.default\">\n\t\t\t\t<div class=\"elementor-widget-container\">\n\t\t\t\t\t<h2 class=\"elementor-heading-title elementor-size-default\">Steel beam<\/h2>\t\t\t\t<\/div>\n\t\t\t\t<\/div>\n\t\t\t\t\t<\/div>\n\t\t<\/div>\n\t\t\t\t\t<\/div>\n\t\t<\/section>\n\t\t\t\t\t<\/div>\n\t\t<\/div>\n\t\t\t\t<div class=\"elementor-column elementor-col-33 elementor-top-column elementor-element elementor-element-adee3ac\" data-id=\"adee3ac\" data-element_type=\"column\" data-e-type=\"column\">\n\t\t\t<div class=\"elementor-widget-wrap elementor-element-populated\">\n\t\t\t\t\t\t<div class=\"elementor-element elementor-element-7d2e886 elementor-flip-box--direction-right elementor-flip-box--3d elementor-flip-box--effect-flip elementor-widget elementor-widget-flip-box\" data-id=\"7d2e886\" data-element_type=\"widget\" data-e-type=\"widget\" data-widget_type=\"flip-box.default\">\n\t\t\t\t<div class=\"elementor-widget-container\">\n\t\t\t\t\t\t\t<div class=\"elementor-flip-box\" tabindex=\"0\">\n\t\t\t<div class=\"elementor-flip-box__layer elementor-flip-box__front\">\n\t\t\t\t<div class=\"elementor-flip-box__layer__overlay\">\n\t\t\t\t\t<div class=\"elementor-flip-box__layer__inner\">\n\t\t\t\t\t\t\n\t\t\t\t\t\t\n\t\t\t\t\t\t\t\t\t\t\t<\/div>\n\t\t\t\t<\/div>\n\t\t\t<\/div>\n\t\t\t<div class=\"elementor-flip-box__layer elementor-flip-box__back\">\n\t\t\t<div class=\"elementor-flip-box__layer__overlay\">\n\t\t\t\t<div class=\"elementor-flip-box__layer__inner\">\n\t\t\t\t\t\n\t\t\t\t\t\n\t\t\t\t\t\t\t\t\t\t\t<a class=\"elementor-flip-box__button elementor-button elementor-size-lg\" href=\"https:\/\/trefal.dz\/fil-trefile\/\">\n\t\t\t\t\t\t\tLearn More\t\t\t\t\t\t<\/a>\n\t\t\t\t\t\t\t\t<\/div>\n\t\t<\/div>\n\t\t<\/div>\n\t\t<\/div>\n\t\t\t\t\t\t<\/div>\n\t\t\t\t<\/div>\n\t\t\t\t<section class=\"elementor-section elementor-inner-section elementor-element elementor-element-5a79831 elementor-section-boxed elementor-section-height-default elementor-section-height-default\" data-id=\"5a79831\" data-element_type=\"section\" data-e-type=\"section\">\n\t\t\t\t\t\t<div class=\"elementor-container elementor-column-gap-default\">\n\t\t\t\t\t<div class=\"elementor-column elementor-col-100 elementor-inner-column elementor-element elementor-element-9f44397\" data-id=\"9f44397\" data-element_type=\"column\" data-e-type=\"column\" data-settings=\"{&quot;background_background&quot;:&quot;classic&quot;}\">\n\t\t\t<div class=\"elementor-widget-wrap elementor-element-populated\">\n\t\t\t\t\t\t<div class=\"elementor-element elementor-element-8936509 elementor-widget elementor-widget-heading\" data-id=\"8936509\" data-element_type=\"widget\" data-e-type=\"widget\" data-widget_type=\"heading.default\">\n\t\t\t\t<div class=\"elementor-widget-container\">\n\t\t\t\t\t<h2 class=\"elementor-heading-title elementor-size-default\">Drawn wire<\/h2>\t\t\t\t<\/div>\n\t\t\t\t<\/div>\n\t\t\t\t\t<\/div>\n\t\t<\/div>\n\t\t\t\t\t<\/div>\n\t\t<\/section>\n\t\t\t\t\t<\/div>\n\t\t<\/div>\n\t\t\t\t\t<\/div>\n\t\t<\/section>\n\t\t\t\t<\/div>","protected":false},"excerpt":{"rendered":"<p>Nos produits GAMME DE PRODUITS DE TREFAL La Qualit\u00e9, La Conformit\u00e9, La Fiabilit\u00e9 et L\u2019assistance TREFAL avec la performance de son outil de production, sa flexibilit\u00e9 et ses \u00e9quipements de derni\u00e8res g\u00e9n\u00e9rations, acquis chez les meilleurs fabricants au monde, met \u00e0 la disposition de ses clients une disponibilit\u00e9 des produits et des d\u00e9lais de livraison [&hellip;]<\/p>\n","protected":false},"author":3,"featured_media":0,"parent":0,"menu_order":0,"comment_status":"closed","ping_status":"closed","template":"","meta":{"footnotes":""},"class_list":["post-332","page","type-page","status-publish","hentry"],"yoast_head":"<!-- This site is optimized with the Yoast SEO plugin v27.1.1 - https:\/\/yoast.com\/product\/yoast-seo-wordpress\/ -->\n<title>Nos Produits - TREFAL<\/title>\n<meta name=\"robots\" content=\"index, follow, max-snippet:-1, max-image-preview:large, max-video-preview:-1\" \/>\n<link rel=\"canonical\" href=\"https:\/\/trefal.dz\/en\/nos-produits\/\" \/>\n<meta property=\"og:locale\" content=\"en_US\" \/>\n<meta property=\"og:type\" content=\"article\" \/>\n<meta property=\"og:title\" content=\"Nos Produits - TREFAL\" \/>\n<meta property=\"og:description\" content=\"Nos produits GAMME DE PRODUITS DE TREFAL La Qualit\u00e9, La Conformit\u00e9, La Fiabilit\u00e9 et L\u2019assistance TREFAL avec la performance de son outil de production, sa flexibilit\u00e9 et ses \u00e9quipements de derni\u00e8res g\u00e9n\u00e9rations, acquis chez les meilleurs fabricants au monde, met \u00e0 la disposition de ses clients une disponibilit\u00e9 des produits et des d\u00e9lais de livraison [&hellip;]\" \/>\n<meta property=\"og:url\" content=\"https:\/\/trefal.dz\/en\/nos-produits\/\" \/>\n<meta property=\"og:site_name\" content=\"TREFAL\" \/>\n<meta property=\"article:modified_time\" content=\"2025-09-16T08:31:15+00:00\" \/>\n<meta property=\"og:image\" content=\"https:\/\/trefal.dz\/wp-content\/uploads\/2023\/04\/IMG_1728.jpg\" \/>\n<meta name=\"twitter:card\" content=\"summary_large_image\" \/>\n<meta name=\"twitter:label1\" content=\"Est. reading time\" \/>\n\t<meta name=\"twitter:data1\" content=\"1 minute\" \/>\n<script type=\"application\/ld+json\" class=\"yoast-schema-graph\">{\"@context\":\"https:\/\/schema.org\",\"@graph\":[{\"@type\":\"WebPage\",\"@id\":\"https:\/\/trefal.dz\/nos-produits\/\",\"url\":\"https:\/\/trefal.dz\/nos-produits\/\",\"name\":\"Nos Produits - TREFAL\",\"isPartOf\":{\"@id\":\"https:\/\/trefal.dz\/#website\"},\"primaryImageOfPage\":{\"@id\":\"https:\/\/trefal.dz\/nos-produits\/#primaryimage\"},\"image\":{\"@id\":\"https:\/\/trefal.dz\/nos-produits\/#primaryimage\"},\"thumbnailUrl\":\"https:\/\/trefal.dz\/wp-content\/uploads\/2023\/04\/IMG_1728.jpg\",\"datePublished\":\"2020-07-09T18:55:32+00:00\",\"dateModified\":\"2025-09-16T08:31:15+00:00\",\"breadcrumb\":{\"@id\":\"https:\/\/trefal.dz\/nos-produits\/#breadcrumb\"},\"inLanguage\":\"en-US\",\"potentialAction\":[{\"@type\":\"ReadAction\",\"target\":[\"https:\/\/trefal.dz\/nos-produits\/\"]}]},{\"@type\":\"ImageObject\",\"inLanguage\":\"en-US\",\"@id\":\"https:\/\/trefal.dz\/nos-produits\/#primaryimage\",\"url\":\"https:\/\/trefal.dz\/wp-content\/uploads\/2023\/04\/IMG_1728.jpg\",\"contentUrl\":\"https:\/\/trefal.dz\/wp-content\/uploads\/2023\/04\/IMG_1728.jpg\"},{\"@type\":\"BreadcrumbList\",\"@id\":\"https:\/\/trefal.dz\/nos-produits\/#breadcrumb\",\"itemListElement\":[{\"@type\":\"ListItem\",\"position\":1,\"name\":\"Accueil\",\"item\":\"https:\/\/trefal.dz\/\"},{\"@type\":\"ListItem\",\"position\":2,\"name\":\"Nos Produits\"}]},{\"@type\":\"WebSite\",\"@id\":\"https:\/\/trefal.dz\/#website\",\"url\":\"https:\/\/trefal.dz\/\",\"name\":\"TREFAL\",\"description\":\"Entreprise publique \u00e0 caract\u00e8re \u00e9conomique\",\"publisher\":{\"@id\":\"https:\/\/trefal.dz\/#organization\"},\"potentialAction\":[{\"@type\":\"SearchAction\",\"target\":{\"@type\":\"EntryPoint\",\"urlTemplate\":\"https:\/\/trefal.dz\/?s={search_term_string}\"},\"query-input\":{\"@type\":\"PropertyValueSpecification\",\"valueRequired\":true,\"valueName\":\"search_term_string\"}}],\"inLanguage\":\"en-US\"},{\"@type\":\"Organization\",\"@id\":\"https:\/\/trefal.dz\/#organization\",\"name\":\"TREFAL\",\"url\":\"https:\/\/trefal.dz\/\",\"logo\":{\"@type\":\"ImageObject\",\"inLanguage\":\"en-US\",\"@id\":\"https:\/\/trefal.dz\/#\/schema\/logo\/image\/\",\"url\":\"https:\/\/trefal.dz\/wp-content\/uploads\/2023\/03\/cropped-Logo-TREFAL-2022.png\",\"contentUrl\":\"https:\/\/trefal.dz\/wp-content\/uploads\/2023\/03\/cropped-Logo-TREFAL-2022.png\",\"width\":228,\"height\":250,\"caption\":\"TREFAL\"},\"image\":{\"@id\":\"https:\/\/trefal.dz\/#\/schema\/logo\/image\/\"}}]}<\/script>\n<!-- \/ Yoast SEO plugin. -->","yoast_head_json":{"title":"Nos Produits - TREFAL","robots":{"index":"index","follow":"follow","max-snippet":"max-snippet:-1","max-image-preview":"max-image-preview:large","max-video-preview":"max-video-preview:-1"},"canonical":"https:\/\/trefal.dz\/en\/nos-produits\/","og_locale":"en_US","og_type":"article","og_title":"Nos Produits - TREFAL","og_description":"Nos produits GAMME DE PRODUITS DE TREFAL La Qualit\u00e9, La Conformit\u00e9, La Fiabilit\u00e9 et L\u2019assistance TREFAL avec la performance de son outil de production, sa flexibilit\u00e9 et ses \u00e9quipements de derni\u00e8res g\u00e9n\u00e9rations, acquis chez les meilleurs fabricants au monde, met \u00e0 la disposition de ses clients une disponibilit\u00e9 des produits et des d\u00e9lais de livraison [&hellip;]","og_url":"https:\/\/trefal.dz\/en\/nos-produits\/","og_site_name":"TREFAL","article_modified_time":"2025-09-16T08:31:15+00:00","og_image":[{"url":"https:\/\/trefal.dz\/wp-content\/uploads\/2023\/04\/IMG_1728.jpg","type":"","width":"","height":""}],"twitter_card":"summary_large_image","twitter_misc":{"Est. reading time":"1 minute"},"schema":{"@context":"https:\/\/schema.org","@graph":[{"@type":"WebPage","@id":"https:\/\/trefal.dz\/nos-produits\/","url":"https:\/\/trefal.dz\/nos-produits\/","name":"Nos Produits - TREFAL","isPartOf":{"@id":"https:\/\/trefal.dz\/#website"},"primaryImageOfPage":{"@id":"https:\/\/trefal.dz\/nos-produits\/#primaryimage"},"image":{"@id":"https:\/\/trefal.dz\/nos-produits\/#primaryimage"},"thumbnailUrl":"https:\/\/trefal.dz\/wp-content\/uploads\/2023\/04\/IMG_1728.jpg","datePublished":"2020-07-09T18:55:32+00:00","dateModified":"2025-09-16T08:31:15+00:00","breadcrumb":{"@id":"https:\/\/trefal.dz\/nos-produits\/#breadcrumb"},"inLanguage":"en-US","potentialAction":[{"@type":"ReadAction","target":["https:\/\/trefal.dz\/nos-produits\/"]}]},{"@type":"ImageObject","inLanguage":"en-US","@id":"https:\/\/trefal.dz\/nos-produits\/#primaryimage","url":"https:\/\/trefal.dz\/wp-content\/uploads\/2023\/04\/IMG_1728.jpg","contentUrl":"https:\/\/trefal.dz\/wp-content\/uploads\/2023\/04\/IMG_1728.jpg"},{"@type":"BreadcrumbList","@id":"https:\/\/trefal.dz\/nos-produits\/#breadcrumb","itemListElement":[{"@type":"ListItem","position":1,"name":"Accueil","item":"https:\/\/trefal.dz\/"},{"@type":"ListItem","position":2,"name":"Nos Produits"}]},{"@type":"WebSite","@id":"https:\/\/trefal.dz\/#website","url":"https:\/\/trefal.dz\/","name":"TREFAL","description":"Entreprise publique \u00e0 caract\u00e8re \u00e9conomique","publisher":{"@id":"https:\/\/trefal.dz\/#organization"},"potentialAction":[{"@type":"SearchAction","target":{"@type":"EntryPoint","urlTemplate":"https:\/\/trefal.dz\/?s={search_term_string}"},"query-input":{"@type":"PropertyValueSpecification","valueRequired":true,"valueName":"search_term_string"}}],"inLanguage":"en-US"},{"@type":"Organization","@id":"https:\/\/trefal.dz\/#organization","name":"TREFAL","url":"https:\/\/trefal.dz\/","logo":{"@type":"ImageObject","inLanguage":"en-US","@id":"https:\/\/trefal.dz\/#\/schema\/logo\/image\/","url":"https:\/\/trefal.dz\/wp-content\/uploads\/2023\/03\/cropped-Logo-TREFAL-2022.png","contentUrl":"https:\/\/trefal.dz\/wp-content\/uploads\/2023\/03\/cropped-Logo-TREFAL-2022.png","width":228,"height":250,"caption":"TREFAL"},"image":{"@id":"https:\/\/trefal.dz\/#\/schema\/logo\/image\/"}}]}},"_links":{"self":[{"href":"https:\/\/trefal.dz\/en\/wp-json\/wp\/v2\/pages\/332","targetHints":{"allow":["GET"]}}],"collection":[{"href":"https:\/\/trefal.dz\/en\/wp-json\/wp\/v2\/pages"}],"about":[{"href":"https:\/\/trefal.dz\/en\/wp-json\/wp\/v2\/types\/page"}],"author":[{"embeddable":true,"href":"https:\/\/trefal.dz\/en\/wp-json\/wp\/v2\/users\/3"}],"replies":[{"embeddable":true,"href":"https:\/\/trefal.dz\/en\/wp-json\/wp\/v2\/comments?post=332"}],"version-history":[{"count":34,"href":"https:\/\/trefal.dz\/en\/wp-json\/wp\/v2\/pages\/332\/revisions"}],"predecessor-version":[{"id":3553,"href":"https:\/\/trefal.dz\/en\/wp-json\/wp\/v2\/pages\/332\/revisions\/3553"}],"wp:attachment":[{"href":"https:\/\/trefal.dz\/en\/wp-json\/wp\/v2\/media?parent=332"}],"curies":[{"name":"wp","href":"https:\/\/api.w.org\/{rel}","templated":true}]}}